{"id":59,"date":"2012-01-08T13:14:35","date_gmt":"2012-01-08T12:14:35","guid":{"rendered":"https:\/\/www.ungstein21.de\/?page_id=59"},"modified":"2018-05-24T20:48:57","modified_gmt":"2018-05-24T19:48:57","slug":"mitglied-werden","status":"publish","type":"page","link":"https:\/\/www.ungstein21.de\/?page_id=59","title":{"rendered":"Mitglied werden"},"content":{"rendered":"<p><strong>Wer kann Mitglied werden?<\/strong> Dem Verein Ungstein kann jeder beitreten der sich mit dem Vereinszweck <strong>(siehe Satzung)<\/strong> identifizieren kann und unser Anliegen unterst\u00fctzen m\u00f6chte. Dabei ist der Wohnort des Mitglieds unerheblich. Je mehr Mitglieder unser Verein hat, umso gewichtiger wird unser &#8222;Wort&#8220;. Daher <strong>Mitgliedsantrag<\/strong> (<a title=\"Mitgliedsantrag\" href=\"https:\/\/www.ungstein21.de\/wp-content\/uploads\/2018\/02\/Mitgliedsantrag-IBAN.pdf\" target=\"_blank\" rel=\"noopener noreferrer\">Download als PDF<\/a>) ausf\u00fcllen und beitreten! F\u00fcr rein ideele Unterst\u00fctzungen besteht auch die M\u00f6glichkeit f\u00f6rderndes Mitglied zu werden.<br \/>\n<span style=\"font-size: small; color: #ff6347;\"><strong>Bitte pro Mitglied (egal ob ordentliches Mitglied, Familienmitglied oder f\u00f6rderndes Mitglied)\u00a0jeweils einen Antrag ausf\u00fcllen!\u00a0<\/strong><\/span><\/p>\n<p><strong>Mitgliedsbeitr\u00e4ge <\/strong>(\u00a7 7 Vereinssatzung)<strong>\u00a0<\/strong><\/p>\n<table style=\"width: 647px;\" border=\"1\" cellspacing=\"0\" cellpadding=\"0\">\n<tbody>\n<tr>\n<td valign=\"top\" width=\"175\"><\/td>\n<td valign=\"top\" width=\"192\">\n<p align=\"center\">Erwachsene<\/p>\n<\/td>\n<td valign=\"top\" width=\"192\">\n<p align=\"center\">Jugendliche bis 18 Jahre<\/p>\n<\/td>\n<td valign=\"top\" width=\"88\"><\/td>\n<\/tr>\n<tr>\n<td valign=\"top\" width=\"175\">Ordentliche Mitglieder<\/td>\n<td valign=\"top\" width=\"192\">\n<p align=\"center\">20 \u20ac<\/p>\n<\/td>\n<td valign=\"top\" width=\"192\"><\/td>\n<td valign=\"top\" width=\"88\">pro Jahr<\/td>\n<\/tr>\n<tr>\n<td valign=\"top\" width=\"175\">Familienmitglieder (Ehepartner &amp; Kinder) eines ordentlichen Mitgliedes<\/td>\n<td valign=\"top\" width=\"192\">\n<p align=\"center\">10 \u20ac<\/p>\n<\/td>\n<td valign=\"top\" width=\"192\">\n<p align=\"center\">5 \u20ac<\/p>\n<\/td>\n<td valign=\"top\" width=\"88\">pro Jahr<\/td>\n<\/tr>\n<tr>\n<td valign=\"top\" width=\"175\">F\u00f6rdernde Mitglieder<\/td>\n<td valign=\"top\" width=\"192\">\n<p align=\"center\">10 \u20ac<\/p>\n<\/td>\n<td valign=\"top\" width=\"192\">\n<p align=\"center\">5 \u20ac<\/p>\n<\/td>\n<td valign=\"top\" width=\"88\">pro Jahr<\/td>\n<\/tr>\n<\/tbody>\n<\/table>\n<p><strong><a title=\"Satzung des Vereins Ungstein21 e.V.\" href=\"https:\/\/www.ungstein21.de\/wp-content\/uploads\/2012\/02\/Satzung-Ungstein21.pdf\">Vereinssatzung<\/a><\/strong><\/p>\n","protected":false},"excerpt":{"rendered":"<p>Wer kann Mitglied werden? Dem Verein Ungstein kann jeder beitreten der sich mit dem Vereinszweck (siehe Satzung) identifizieren kann und unser Anliegen unterst\u00fctzen m\u00f6chte. Dabei ist der Wohnort des Mitglieds unerheblich. Je mehr Mitglieder unser Verein hat, umso gewichtiger wird &hellip; <a href=\"https:\/\/www.ungstein21.de\/?page_id=59\">Weiterlesen <span class=\"meta-nav\">&rarr;<\/span><\/a><\/p>\n","protected":false},"author":4,"featured_media":0,"parent":89,"menu_order":1,"comment_status":"closed","ping_status":"closed","template":"","meta":{"footnotes":""},"class_list":["post-59","page","type-page","status-publish","hentry"],"_links":{"self":[{"href":"https:\/\/www.ungstein21.de\/index.php?rest_route=\/wp\/v2\/pages\/59","targetHints":{"allow":["GET"]}}],"collection":[{"href":"https:\/\/www.ungstein21.de\/index.php?rest_route=\/wp\/v2\/pages"}],"about":[{"href":"https:\/\/www.ungstein21.de\/index.php?rest_route=\/wp\/v2\/types\/page"}],"author":[{"embeddable":true,"href":"https:\/\/www.ungstein21.de\/index.php?rest_route=\/wp\/v2\/users\/4"}],"replies":[{"embeddable":true,"href":"https:\/\/www.ungstein21.de\/index.php?rest_route=%2Fwp%2Fv2%2Fcomments&post=59"}],"version-history":[{"count":20,"href":"https:\/\/www.ungstein21.de\/index.php?rest_route=\/wp\/v2\/pages\/59\/revisions"}],"predecessor-version":[{"id":643,"href":"https:\/\/www.ungstein21.de\/index.php?rest_route=\/wp\/v2\/pages\/59\/revisions\/643"}],"up":[{"embeddable":true,"href":"https:\/\/www.ungstein21.de\/index.php?rest_route=\/wp\/v2\/pages\/89"}],"wp:attachment":[{"href":"https:\/\/www.ungstein21.de\/index.php?rest_route=%2Fwp%2Fv2%2Fmedia&parent=59"}],"curies":[{"name":"wp","href":"https:\/\/api.w.org\/{rel}","templated":true}]}}