{"id":51,"date":"2012-01-08T13:07:16","date_gmt":"2012-01-08T12:07:16","guid":{"rendered":"https:\/\/www.ungstein21.de\/?page_id=51"},"modified":"2026-03-01T21:48:13","modified_gmt":"2026-03-01T20:48:13","slug":"unsere-mitglieder","status":"publish","type":"page","link":"https:\/\/www.ungstein21.de\/?page_id=51","title":{"rendered":"Unsere Mitglieder"},"content":{"rendered":"<p><strong><span style=\"font-size: medium;\">Der Verein Ungstein21 e.V. hat 101 Mitglieder<\/span><\/strong> <span style=\"font-size: small;\">(Stand 01.03.2026)<\/span><br \/>\n<span style=\"font-size: x-small;\">gelistet werden nur Mitglieder, die einer Ver\u00f6ffentlichung ihres Namens im Internet zugestimmt haben<\/span><\/p>\n<table width=\"398\">\n<tbody>\n<tr>\n<td width=\"115\">Asal<\/td>\n<td width=\"80\">Liliane<\/td>\n<td width=\"203\">67099 Bad D\u00fcrkheim &#8211; Ungstein<\/td>\n<\/tr>\n<tr>\n<td>B\u00e4hr<\/td>\n<td>Fabian<\/td>\n<td>67098 Bad D\u00fcrkheim &#8211; Ungstein<\/td>\n<\/tr>\n<tr>\n<td>B\u00e4hr<\/td>\n<td>Heike<\/td>\n<td>67098 Bad D\u00fcrkheim &#8211; Ungstein<\/td>\n<\/tr>\n<tr>\n<td>B\u00e4hr<\/td>\n<td>Thomas<\/td>\n<td>67098 Bad D\u00fcrkheim &#8211; Ungstein<\/td>\n<\/tr>\n<tr>\n<td>Beckmann<\/td>\n<td>Patrick<\/td>\n<td>67098 Bad D\u00fcrkheim &#8211; Ungstein<\/td>\n<\/tr>\n<tr>\n<td>Beckmann<\/td>\n<td>Jasmin<\/td>\n<td>67098 Bad D\u00fcrkheim &#8211; Ungstein<\/td>\n<\/tr>\n<tr>\n<td>Behrendt<\/td>\n<td>Britta<\/td>\n<td>67098 Bad D\u00fcrkheim &#8211; Ungstein<\/td>\n<\/tr>\n<tr>\n<td>Behrendt<\/td>\n<td>Michael<\/td>\n<td>67098 Bad D\u00fcrkheim &#8211; Ungstein<\/td>\n<\/tr>\n<tr>\n<td>Berkenkamp<\/td>\n<td>Frauke<\/td>\n<td>67098 Bad D\u00fcrkheim &#8211; Ungstein<\/td>\n<\/tr>\n<tr>\n<td>Berkenkamp<\/td>\n<td>Martin<\/td>\n<td>67098 Bad D\u00fcrkheim &#8211; Ungstein<\/td>\n<\/tr>\n<tr>\n<td>Blaudszun<\/td>\n<td>Karsten<\/td>\n<td>67098 Bad D\u00fcrkheim &#8211; Ungstein<\/td>\n<\/tr>\n<tr>\n<td>Braun<\/td>\n<td>Anna<\/td>\n<td>67098 Bad D\u00fcrkheim &#8211; Ungstein<\/td>\n<\/tr>\n<tr>\n<td>Braun-B\u00fchnemann<\/td>\n<td>Andrea<\/td>\n<td>67098 Bad D\u00fcrkheim &#8211; Ungstein<\/td>\n<\/tr>\n<tr>\n<td>Bullinger<\/td>\n<td>Helmut<\/td>\n<td>67098 Bad D\u00fcrkheim &#8211; Ungstein<\/td>\n<\/tr>\n<tr>\n<td>Busalt<\/td>\n<td>Kira<\/td>\n<td>67098 Bad D\u00fcrkheim &#8211; Ungstein<\/td>\n<\/tr>\n<tr>\n<td>Christ<\/td>\n<td>Anton<\/td>\n<td>67098 Bad D\u00fcrkheim &#8211; Ungstein<\/td>\n<\/tr>\n<tr>\n<td>Ernst<\/td>\n<td>Dirk<\/td>\n<td>61440 Oberursel<\/td>\n<\/tr>\n<tr>\n<td>Fedel<\/td>\n<td>Ansgar<\/td>\n<td>67098 Bad D\u00fcrkheim &#8211; Ungstein<\/td>\n<\/tr>\n<tr>\n<td>Fritzinger<\/td>\n<td>Helen<\/td>\n<td>67098 Bad D\u00fcrkheim &#8211; Ungstein<\/td>\n<\/tr>\n<tr>\n<td>Fritzinger<\/td>\n<td>Holger<\/td>\n<td>67098 Bad D\u00fcrkheim &#8211; Ungstein<\/td>\n<\/tr>\n<tr>\n<td>Fritzinger<\/td>\n<td>Nina<\/td>\n<td>67098 Bad D\u00fcrkheim &#8211; Ungstein<\/td>\n<\/tr>\n<tr>\n<td>F\u00fcrst<\/td>\n<td>Beate<\/td>\n<td>67098 Bad D\u00fcrkheim &#8211; Ungstein<\/td>\n<\/tr>\n<tr>\n<td>F\u00fcrst<\/td>\n<td>Matthias<\/td>\n<td>67098 Bad D\u00fcrkheim &#8211; Ungstein<\/td>\n<\/tr>\n<tr>\n<td>Ganss<\/td>\n<td>Gudrun<\/td>\n<td>67098 Bad D\u00fcrkheim &#8211; Ungstein<\/td>\n<\/tr>\n<tr>\n<td>Gehrig<\/td>\n<td>Andreas<\/td>\n<td>67098 Bad D\u00fcrkheim &#8211; Ungstein<\/td>\n<\/tr>\n<tr>\n<td>Grubert<\/td>\n<td>J\u00f6rg<\/td>\n<td>67159 Friedelsheim<\/td>\n<\/tr>\n<tr>\n<td>Grubert<\/td>\n<td>Luca<\/td>\n<td>67159 Friedelsheim<\/td>\n<\/tr>\n<tr>\n<td>Grubert<\/td>\n<td>Renate<\/td>\n<td>67098 Bad D\u00fcrkheim &#8211; Ungstein<\/td>\n<\/tr>\n<tr>\n<td>Grubert<\/td>\n<td>Stefanie<\/td>\n<td>67159 Friedelsheim<\/td>\n<\/tr>\n<tr>\n<td>Himly-Bullinger<\/td>\n<td>B\u00e4rbel<\/td>\n<td>67098 Bad D\u00fcrkheim &#8211; Ungstein<\/td>\n<\/tr>\n<tr>\n<td>Holler<\/td>\n<td>Jvanna<\/td>\n<td>67100 Bad D\u00fcrkheim &#8211; Ungstein<\/td>\n<\/tr>\n<tr>\n<td>Holler<\/td>\n<td>Ralf<\/td>\n<td>67100 Bad D\u00fcrkheim &#8211; Ungstein<\/td>\n<\/tr>\n<tr>\n<td>Jung<\/td>\n<td>Thorsten<\/td>\n<td>67098 Bad D\u00fcrkheim &#8211; Ungstein<\/td>\n<\/tr>\n<tr>\n<td>Kemmer<\/td>\n<td>Michael<\/td>\n<td>67098 Bad D\u00fcrkheim &#8211; Ungstein<\/td>\n<\/tr>\n<tr>\n<td>Knauer<\/td>\n<td>Helga<\/td>\n<td>67098 Bad D\u00fcrkheim &#8211; Ungstein<\/td>\n<\/tr>\n<tr>\n<td>Knauer<\/td>\n<td>Julian<\/td>\n<td>67098 Bad D\u00fcrkheim &#8211; Ungstein<\/td>\n<\/tr>\n<tr>\n<td>Knauer<\/td>\n<td>Philipp<\/td>\n<td>67098 Bad D\u00fcrkheim &#8211; Ungstein<\/td>\n<\/tr>\n<tr>\n<td>Knauer<\/td>\n<td>Susanne<\/td>\n<td>67098 Bad D\u00fcrkheim &#8211; Ungstein<\/td>\n<\/tr>\n<tr>\n<td>Koch<\/td>\n<td>Ulrike<\/td>\n<td>67098 Bad D\u00fcrkheim &#8211; Ungstein<\/td>\n<\/tr>\n<tr>\n<td>Krauss<\/td>\n<td>Gertrud<\/td>\n<td>67229 Gro\u00dfkarlbach<\/td>\n<\/tr>\n<tr>\n<td>Leuck<\/td>\n<td>Dimitra<\/td>\n<td>67098 Bad D\u00fcrkheim &#8211; Ungstein<\/td>\n<\/tr>\n<tr>\n<td>Leuck<\/td>\n<td>Johannes<\/td>\n<td>67269 Gr\u00fcnstadt<\/td>\n<\/tr>\n<tr>\n<td>Leuck<\/td>\n<td>Moritz<\/td>\n<td>67269 Gr\u00fcnstadt<\/td>\n<\/tr>\n<tr>\n<td>Leuck<\/td>\n<td>Steffen<\/td>\n<td>67098 Bad D\u00fcrkheim &#8211; Ungstein<\/td>\n<\/tr>\n<tr>\n<td>Maier<\/td>\n<td>Berthold<\/td>\n<td>67098 Bad D\u00fcrkheim &#8211; Ungstein<\/td>\n<\/tr>\n<tr>\n<td>Maier<\/td>\n<td>Max<\/td>\n<td>67098 Bad D\u00fcrkheim &#8211; Ungstein<\/td>\n<\/tr>\n<tr>\n<td>Maier<\/td>\n<td>Sigrun<\/td>\n<td>67098 Bad D\u00fcrkheim &#8211; Ungstein<\/td>\n<\/tr>\n<tr>\n<td>Maier<\/td>\n<td>Tobias<\/td>\n<td>67098 Bad D\u00fcrkheim &#8211; Ungstein<\/td>\n<\/tr>\n<tr>\n<td>Metzger<\/td>\n<td>Elisabeth<\/td>\n<td>67167 Erpolzheim<\/td>\n<\/tr>\n<tr>\n<td>Metzger<\/td>\n<td>Franz<\/td>\n<td>67098 Bad D\u00fcrkheim &#8211; Ungstein<\/td>\n<\/tr>\n<tr>\n<td>Oberl\u00e4nder<\/td>\n<td>Heike<\/td>\n<td>67098 Bad D\u00fcrkheim &#8211; Ungstein<\/td>\n<\/tr>\n<tr>\n<td>Pallagst<\/td>\n<td>Karina<\/td>\n<td>67098 Bad D\u00fcrkheim &#8211; Ungstein<\/td>\n<\/tr>\n<tr>\n<td>Pojtinger<\/td>\n<td>Sandra<\/td>\n<td>67098 Bad D\u00fcrkheim &#8211; Ungstein<\/td>\n<\/tr>\n<tr>\n<td>Powley<\/td>\n<td>Christine<\/td>\n<td>67098 Bad D\u00fcrkheim &#8211; Ungstein<\/td>\n<\/tr>\n<tr>\n<td>Powley<\/td>\n<td>Richard<\/td>\n<td>67098 Bad D\u00fcrkheim &#8211; Ungstein<\/td>\n<\/tr>\n<tr>\n<td>Ramisch<\/td>\n<td>Herta<\/td>\n<td>67098 Bad D\u00fcrkheim &#8211; Ungstein<\/td>\n<\/tr>\n<tr>\n<td>Ramisch<\/td>\n<td>Holger<\/td>\n<td>67098 Bad D\u00fcrkheim &#8211; Ungstein<\/td>\n<\/tr>\n<tr>\n<td>Ramisch<\/td>\n<td>Philipp<\/td>\n<td>67098 Bad D\u00fcrkheim &#8211; Ungstein<\/td>\n<\/tr>\n<tr>\n<td>Ramisch<\/td>\n<td>Sebastian<\/td>\n<td>67098 Bad D\u00fcrkheim &#8211; Ungstein<\/td>\n<\/tr>\n<tr>\n<td>Raudszus<\/td>\n<td>Dieter<\/td>\n<td>67098 Bad D\u00fcrkheim &#8211; Ungstein<\/td>\n<\/tr>\n<tr>\n<td>Raudszus<\/td>\n<td>Trude<\/td>\n<td>67098 Bad D\u00fcrkheim &#8211; Ungstein<\/td>\n<\/tr>\n<tr>\n<td>R\u00f6hner<\/td>\n<td>Ellen<\/td>\n<td>10999 Berlin<\/td>\n<\/tr>\n<tr>\n<td>Ruppert<\/td>\n<td>Marianne<\/td>\n<td>67100 Bad D\u00fcrkheim &#8211; Ungstein<\/td>\n<\/tr>\n<tr>\n<td>Ruppert<\/td>\n<td>Wolfgang<\/td>\n<td>67100 Bad D\u00fcrkheim &#8211; Ungstein<\/td>\n<\/tr>\n<tr>\n<td>Schehl<\/td>\n<td>Edelbert<\/td>\n<td>67098 Bad D\u00fcrkheim &#8211; Ungstein<\/td>\n<\/tr>\n<tr>\n<td>Schmidt<\/td>\n<td>Clemens<\/td>\n<td>67157 Wachenheim<\/td>\n<\/tr>\n<tr>\n<td>Sch\u00f6nrock<\/td>\n<td>Carola<\/td>\n<td>67098 Bad D\u00fcrkheim &#8211; Ungstein<\/td>\n<\/tr>\n<tr>\n<td>Sch\u00f6nrock<\/td>\n<td>Rolf<\/td>\n<td>67098 Bad D\u00fcrkheim &#8211; Ungstein<\/td>\n<\/tr>\n<tr>\n<td>Schreiber<\/td>\n<td>Susanne<\/td>\n<td>67100 Bad D\u00fcrkheim &#8211; Ungstein<\/td>\n<\/tr>\n<tr>\n<td>Schreier<\/td>\n<td>Tim<\/td>\n<td>77776 Bad Rippoldsau-Schapbach<\/td>\n<\/tr>\n<tr>\n<td>Spaeth<\/td>\n<td>Elke<\/td>\n<td>67098 Bad D\u00fcrkheim &#8211; Ungstein<\/td>\n<\/tr>\n<tr>\n<td>Spaeth<\/td>\n<td>Ulrich<\/td>\n<td>67098 Bad D\u00fcrkheim &#8211; Ungstein<\/td>\n<\/tr>\n<tr>\n<td>Spiegel<\/td>\n<td>Anke<\/td>\n<td>67098 Bad D\u00fcrkheim &#8211; Ungstein<\/td>\n<\/tr>\n<tr>\n<td>Spiegel<\/td>\n<td>Bernd<\/td>\n<td>67098 Bad D\u00fcrkheim &#8211; Ungstein<\/td>\n<\/tr>\n<tr>\n<td>Spiegel<\/td>\n<td>Hannelore<\/td>\n<td>67098 Bad D\u00fcrkheim &#8211; Ungstein<\/td>\n<\/tr>\n<tr>\n<td>Spiegel<\/td>\n<td>Kathrin<\/td>\n<td>67098 Bad D\u00fcrkheim &#8211; Ungstein<\/td>\n<\/tr>\n<tr>\n<td>Stappen<\/td>\n<td>Peggy<\/td>\n<td>67098 Bad D\u00fcrkheim &#8211; Ungstein<\/td>\n<\/tr>\n<tr>\n<td>Stappen<\/td>\n<td>Peter<\/td>\n<td>67098 Bad D\u00fcrkheim &#8211; Ungstein<\/td>\n<\/tr>\n<tr>\n<td>Stobbe<\/td>\n<td>Susanne<\/td>\n<td>67098 Bad D\u00fcrkheim &#8211; Ungstein<\/td>\n<\/tr>\n<tr>\n<td>Stump<\/td>\n<td>Cornelia<\/td>\n<td>67098 Bad D\u00fcrkheim &#8211; Ungstein<\/td>\n<\/tr>\n<tr>\n<td>Tempel<\/td>\n<td>Heike<\/td>\n<td>67098 Bad D\u00fcrkheim &#8211; Ungstein<\/td>\n<\/tr>\n<tr>\n<td>Tesmer<\/td>\n<td>Carsten<\/td>\n<td>67098 Bad D\u00fcrkheim &#8211; Ungstein<\/td>\n<\/tr>\n<tr>\n<td>Tesmer<\/td>\n<td>Ulrike<\/td>\n<td>67098 Bad D\u00fcrkheim &#8211; Ungstein<\/td>\n<\/tr>\n<tr>\n<td>Theis<\/td>\n<td>Anette<\/td>\n<td>67098 Bad D\u00fcrkheim &#8211; Ungstein<\/td>\n<\/tr>\n<tr>\n<td>Theis<\/td>\n<td>Uwe<\/td>\n<td>67098 Bad D\u00fcrkheim &#8211; Ungstein<\/td>\n<\/tr>\n<tr>\n<td>Tiepelmann<\/td>\n<td>Dietrich<\/td>\n<td>67100 Bad D\u00fcrkheim &#8211; Ungstein<\/td>\n<\/tr>\n<tr>\n<td>Wagner<\/td>\n<td>Hans-Joachim<\/td>\n<td>67098 Bad D\u00fcrkheim &#8211; Ungstein<\/td>\n<\/tr>\n<tr>\n<td>Wagner<\/td>\n<td>Regina<\/td>\n<td>67098 Bad D\u00fcrkheim &#8211; Ungstein<\/td>\n<\/tr>\n<tr>\n<td>Witte<\/td>\n<td>Axel<\/td>\n<td>67098 Bad D\u00fcrkheim &#8211; Ungstein<\/td>\n<\/tr>\n<tr>\n<td>Wolf<\/td>\n<td>Helmut<\/td>\n<td>67098 Bad D\u00fcrkheim &#8211; Ungstein<\/td>\n<\/tr>\n<tr>\n<td>Wolf<\/td>\n<td>Marta<\/td>\n<td>67098 Bad D\u00fcrkheim &#8211; Ungstein<\/td>\n<\/tr>\n<tr>\n<td>Wolf<\/td>\n<td>Michael<\/td>\n<td>67098 Bad D\u00fcrkheim &#8211; Ungstein<\/td>\n<\/tr>\n<\/tbody>\n<\/table>\n","protected":false},"excerpt":{"rendered":"<p>Der Verein Ungstein21 e.V. hat 101 Mitglieder (Stand 01.03.2026) gelistet werden nur Mitglieder, die einer Ver\u00f6ffentlichung ihres Namens im Internet zugestimmt haben Asal Liliane 67099 Bad D\u00fcrkheim &#8211; Ungstein B\u00e4hr Fabian 67098 Bad D\u00fcrkheim &#8211; Ungstein B\u00e4hr Heike 67098 Bad &hellip; <a href=\"https:\/\/www.ungstein21.de\/?page_id=51\">Weiterlesen <span class=\"meta-nav\">&rarr;<\/span><\/a><\/p>\n","protected":false},"author":4,"featured_media":0,"parent":89,"menu_order":2,"comment_status":"closed","ping_status":"closed","template":"sidebar-page.php","meta":{"footnotes":""},"class_list":["post-51","page","type-page","status-publish","hentry"],"_links":{"self":[{"href":"https:\/\/www.ungstein21.de\/index.php?rest_route=\/wp\/v2\/pages\/51","targetHints":{"allow":["GET"]}}],"collection":[{"href":"https:\/\/www.ungstein21.de\/index.php?rest_route=\/wp\/v2\/pages"}],"about":[{"href":"https:\/\/www.ungstein21.de\/index.php?rest_route=\/wp\/v2\/types\/page"}],"author":[{"embeddable":true,"href":"https:\/\/www.ungstein21.de\/index.php?rest_route=\/wp\/v2\/users\/4"}],"replies":[{"embeddable":true,"href":"https:\/\/www.ungstein21.de\/index.php?rest_route=%2Fwp%2Fv2%2Fcomments&post=51"}],"version-history":[{"count":62,"href":"https:\/\/www.ungstein21.de\/index.php?rest_route=\/wp\/v2\/pages\/51\/revisions"}],"predecessor-version":[{"id":789,"href":"https:\/\/www.ungstein21.de\/index.php?rest_route=\/wp\/v2\/pages\/51\/revisions\/789"}],"up":[{"embeddable":true,"href":"https:\/\/www.ungstein21.de\/index.php?rest_route=\/wp\/v2\/pages\/89"}],"wp:attachment":[{"href":"https:\/\/www.ungstein21.de\/index.php?rest_route=%2Fwp%2Fv2%2Fmedia&parent=51"}],"curies":[{"name":"wp","href":"https:\/\/api.w.org\/{rel}","templated":true}]}}