{"id":38,"date":"2012-01-08T12:42:38","date_gmt":"2012-01-08T11:42:38","guid":{"rendered":"https:\/\/www.ungstein21.de\/?page_id=38"},"modified":"2018-05-24T20:49:47","modified_gmt":"2018-05-24T19:49:47","slug":"unser-erster-schritt","status":"publish","type":"page","link":"https:\/\/www.ungstein21.de\/?page_id=38","title":{"rendered":"Unser erster Schritt"},"content":{"rendered":"<p style=\"text-align: justify;\"><strong><span style=\"text-decoration: underline;\">\u201eEntlasten statt Verteilen\u201c:<\/span> <\/strong><\/p>\n<p style=\"text-align: justify;\">Erste Priorit\u00e4t des Themenkatalogs von Ungstein21 e.V. besitzt der Verkehr, da wir denken, dass alle weiteren Themen im direkten Zusammenhang und somit in direkter Abh\u00e4ngigkeit davon stehen.<\/p>\n<p style=\"text-align: justify;\">Der elementarste Aspekt zur nachhaltigen Entwicklung Ungsteins ist die Realisierung der B271Neu als Verbindung zwischen Gr\u00fcnstadt und Bad D\u00fcrkheim. Bis dahin ist die Ableitung des Durchgangsverkehrs erkl\u00e4rter Bestandteil des Vereinszweckes und Wille aller Mitglieder. Das bekannte 4-S\u00e4ulenmodell wird von uns nicht als zukunftsf\u00e4hig eingestuft, da rechtlich eine Herabstufung der B271alt im Ortskern nicht erfolgen kann. Nach dem Bundesfernstra\u00dfengesetz ist und bleibt der flie\u00dfende Verkehr auf einer Bundesstra\u00dfe vorrangig, solang die sogenannte Widmung besteht. Eine Umwidmung kann nicht erfolgen, da der bis dato geplante Ausbau der Gundheimer Gasse dem Bundesfernstra\u00dfengesetz nicht entspricht. Ebenfalls ist anzumerken, dass bei Umwidmung die Strassenbaukosten vom Tr\u00e4ger der Stra\u00dfenbaulast zu tragen sind, was in diesem Fall die Stadt Bad D\u00fcrkheim w\u00e4re.<\/p>\n","protected":false},"excerpt":{"rendered":"<p>\u201eEntlasten statt Verteilen\u201c: Erste Priorit\u00e4t des Themenkatalogs von Ungstein21 e.V. besitzt der Verkehr, da wir denken, dass alle weiteren Themen im direkten Zusammenhang und somit in direkter Abh\u00e4ngigkeit davon stehen. Der elementarste Aspekt zur nachhaltigen Entwicklung Ungsteins ist die Realisierung &hellip; <a href=\"https:\/\/www.ungstein21.de\/?page_id=38\">Weiterlesen <span class=\"meta-nav\">&rarr;<\/span><\/a><\/p>\n","protected":false},"author":4,"featured_media":0,"parent":24,"menu_order":2,"comment_status":"closed","ping_status":"closed","template":"","meta":{"footnotes":""},"class_list":["post-38","page","type-page","status-publish","hentry"],"_links":{"self":[{"href":"https:\/\/www.ungstein21.de\/index.php?rest_route=\/wp\/v2\/pages\/38","targetHints":{"allow":["GET"]}}],"collection":[{"href":"https:\/\/www.ungstein21.de\/index.php?rest_route=\/wp\/v2\/pages"}],"about":[{"href":"https:\/\/www.ungstein21.de\/index.php?rest_route=\/wp\/v2\/types\/page"}],"author":[{"embeddable":true,"href":"https:\/\/www.ungstein21.de\/index.php?rest_route=\/wp\/v2\/users\/4"}],"replies":[{"embeddable":true,"href":"https:\/\/www.ungstein21.de\/index.php?rest_route=%2Fwp%2Fv2%2Fcomments&post=38"}],"version-history":[{"count":9,"href":"https:\/\/www.ungstein21.de\/index.php?rest_route=\/wp\/v2\/pages\/38\/revisions"}],"predecessor-version":[{"id":140,"href":"https:\/\/www.ungstein21.de\/index.php?rest_route=\/wp\/v2\/pages\/38\/revisions\/140"}],"up":[{"embeddable":true,"href":"https:\/\/www.ungstein21.de\/index.php?rest_route=\/wp\/v2\/pages\/24"}],"wp:attachment":[{"href":"https:\/\/www.ungstein21.de\/index.php?rest_route=%2Fwp%2Fv2%2Fmedia&parent=38"}],"curies":[{"name":"wp","href":"https:\/\/api.w.org\/{rel}","templated":true}]}}