{"id":33,"date":"2012-01-08T12:36:42","date_gmt":"2012-01-08T11:36:42","guid":{"rendered":"https:\/\/www.ungstein21.de\/?page_id=33"},"modified":"2018-05-24T20:49:37","modified_gmt":"2018-05-24T19:49:37","slug":"unsere-motivation","status":"publish","type":"page","link":"https:\/\/www.ungstein21.de\/?page_id=33","title":{"rendered":"Unsere Motivation"},"content":{"rendered":"<p style=\"text-align: justify;\">Eine zentrale Herausforderung im Wettbewerb der Kommunen hinsichtlich des demografischen Wandels bildet die Schaffung attraktiver Lebensr\u00e4ume f\u00fcr die Bewohner und damit Sicherung einer Standortqualit\u00e4t.<br \/>\nHier hat Ungstein eindeutig den Anschluss verpasst. Wir wollen von dieser elementaren Entwicklung nicht abgekoppelt sein. Mehrere positive Beispiele in der Region von erfolgreichen, prosperierenden St\u00e4dte und Gemeinden wie z.B. Freinsheim, Deidesheim, Forst oder St. Martin sollten Ungstein als Vorbild dienen. Diesen Orten ist allen gemein, dass sie ein gut durchdachtes, gemeinschaftlich getragenes Verkehrskonzept haben. Dies sind nur einige Aspekte eines Ansatzes von Ungstein21 e.V. um die Attraktivit\u00e4t des Ortes f\u00fcr alle Menschen positiver zu gestalten, sowie nachhaltig zu ver\u00e4ndern.<\/p>\n<p style=\"text-align: justify;\">Um Ungstein entsprechend unserem Leitbild positiv zu gestalten, sollten alle Ungsteiner B\u00fcrger zu aktiven Mitglieder der Zivilgesellschaft werden und sich dadurch st\u00e4rker als bisher in die Verfahren und Prozesse der Entwicklung Ungsteins einbringen.<\/p>\n<p style=\"text-align: justify;\">Der Verein Ungstein21 e.V. bildet damit erstmals ein Forum f\u00fcr alle B\u00fcrger, die die Ungsteiner Zukunft nachhaltig mitgestalten wollen. Daher die Einladung an alle Ungsteiner, sich aktiv einzubringen und diesem Verein beizutreten.<\/p>\n<p style=\"text-align: justify;\">Denn nur so kann eine gro\u00dfe Akzeptanz bei den Ungsteiner B\u00fcrgern erreicht werden. Gleichzeitig wird ein b\u00fcrgernahes Instrument geschaffen, das konstruktiv Einfluss auf die politischen Ebenen nehmen kann. Dies soll auch dazu f\u00fchren, dass die Stadt Bad D\u00fcrkheim in ihrer Planungshoheit im Sinne der B\u00fcrger Ungsteins handeln kann und Unterst\u00fctzung findet.<\/p>\n","protected":false},"excerpt":{"rendered":"<p>Eine zentrale Herausforderung im Wettbewerb der Kommunen hinsichtlich des demografischen Wandels bildet die Schaffung attraktiver Lebensr\u00e4ume f\u00fcr die Bewohner und damit Sicherung einer Standortqualit\u00e4t. Hier hat Ungstein eindeutig den Anschluss verpasst. Wir wollen von dieser elementaren Entwicklung nicht abgekoppelt sein. &hellip; <a href=\"https:\/\/www.ungstein21.de\/?page_id=33\">Weiterlesen <span class=\"meta-nav\">&rarr;<\/span><\/a><\/p>\n","protected":false},"author":4,"featured_media":0,"parent":24,"menu_order":0,"comment_status":"closed","ping_status":"closed","template":"","meta":{"footnotes":""},"class_list":["post-33","page","type-page","status-publish","hentry"],"_links":{"self":[{"href":"https:\/\/www.ungstein21.de\/index.php?rest_route=\/wp\/v2\/pages\/33","targetHints":{"allow":["GET"]}}],"collection":[{"href":"https:\/\/www.ungstein21.de\/index.php?rest_route=\/wp\/v2\/pages"}],"about":[{"href":"https:\/\/www.ungstein21.de\/index.php?rest_route=\/wp\/v2\/types\/page"}],"author":[{"embeddable":true,"href":"https:\/\/www.ungstein21.de\/index.php?rest_route=\/wp\/v2\/users\/4"}],"replies":[{"embeddable":true,"href":"https:\/\/www.ungstein21.de\/index.php?rest_route=%2Fwp%2Fv2%2Fcomments&post=33"}],"version-history":[{"count":8,"href":"https:\/\/www.ungstein21.de\/index.php?rest_route=\/wp\/v2\/pages\/33\/revisions"}],"predecessor-version":[{"id":138,"href":"https:\/\/www.ungstein21.de\/index.php?rest_route=\/wp\/v2\/pages\/33\/revisions\/138"}],"up":[{"embeddable":true,"href":"https:\/\/www.ungstein21.de\/index.php?rest_route=\/wp\/v2\/pages\/24"}],"wp:attachment":[{"href":"https:\/\/www.ungstein21.de\/index.php?rest_route=%2Fwp%2Fv2%2Fmedia&parent=33"}],"curies":[{"name":"wp","href":"https:\/\/api.w.org\/{rel}","templated":true}]}}