{"id":117,"date":"2012-01-08T17:20:53","date_gmt":"2012-01-08T16:20:53","guid":{"rendered":"https:\/\/www.ungstein21.de\/?page_id=117"},"modified":"2012-01-14T17:39:19","modified_gmt":"2012-01-14T16:39:19","slug":"verkehr","status":"publish","type":"page","link":"https:\/\/www.ungstein21.de\/?page_id=117","title":{"rendered":"Verkehr"},"content":{"rendered":"<p><strong>Pate:<\/strong> Axel Witte (<a href=\"mailto:axel.witte@ungstein21.de\">axel.witte@ungstein21.de<\/a>)<\/p>\n<p style=\"text-align: justify;\"><strong>Unsere Idee einer Planungsalternative:<\/strong><br \/>\nVon Ungstein21.e.V. soll eine Planungsalternative zur <span style=\"text-decoration: underline;\">nachhaltigen<\/span> Ortskernentlastung in die Entscheidungsfindung eingebracht werden.<\/p>\n<p style=\"text-align: justify;\">Wir schlagen daher vor, eine Trasse zur Entlastung des Ortskerns zu schaffen, die bei einer Realisierung der B271neu sofort als deren Zubringer genutzt werden kann. Die Anbindung an die B271 alt k\u00f6nnte in Richtung Kallstadt kurz oberhalb des Ungsteiner Friedhofs erfolgen. Sie m\u00fcndet ein in die Stra\u00dfe nach Freinsheim (L455).<\/p>\n<p style=\"text-align: justify;\">Bei Realisierung der B271neu im zweiten Bauabschnitt (zwischen bestehendem Anschlusspunkt Bruch und Kallstadt) w\u00fcrde somit eine sofortige Entlastung der gesamten Gemeinde Ungstein realisiert werden k\u00f6nnen.<\/p>\n","protected":false},"excerpt":{"rendered":"<p>Pate: Axel Witte (axel.witte@ungstein21.de) Unsere Idee einer Planungsalternative: Von Ungstein21.e.V. soll eine Planungsalternative zur nachhaltigen Ortskernentlastung in die Entscheidungsfindung eingebracht werden. Wir schlagen daher vor, eine Trasse zur Entlastung des Ortskerns zu schaffen, die bei einer Realisierung der B271neu sofort &hellip; <a href=\"https:\/\/www.ungstein21.de\/?page_id=117\">Weiterlesen <span class=\"meta-nav\">&rarr;<\/span><\/a><\/p>\n","protected":false},"author":4,"featured_media":0,"parent":49,"menu_order":0,"comment_status":"open","ping_status":"closed","template":"","meta":{"footnotes":""},"class_list":["post-117","page","type-page","status-publish","hentry"],"_links":{"self":[{"href":"https:\/\/www.ungstein21.de\/index.php?rest_route=\/wp\/v2\/pages\/117","targetHints":{"allow":["GET"]}}],"collection":[{"href":"https:\/\/www.ungstein21.de\/index.php?rest_route=\/wp\/v2\/pages"}],"about":[{"href":"https:\/\/www.ungstein21.de\/index.php?rest_route=\/wp\/v2\/types\/page"}],"author":[{"embeddable":true,"href":"https:\/\/www.ungstein21.de\/index.php?rest_route=\/wp\/v2\/users\/4"}],"replies":[{"embeddable":true,"href":"https:\/\/www.ungstein21.de\/index.php?rest_route=%2Fwp%2Fv2%2Fcomments&post=117"}],"version-history":[{"count":3,"href":"https:\/\/www.ungstein21.de\/index.php?rest_route=\/wp\/v2\/pages\/117\/revisions"}],"predecessor-version":[{"id":149,"href":"https:\/\/www.ungstein21.de\/index.php?rest_route=\/wp\/v2\/pages\/117\/revisions\/149"}],"up":[{"embeddable":true,"href":"https:\/\/www.ungstein21.de\/index.php?rest_route=\/wp\/v2\/pages\/49"}],"wp:attachment":[{"href":"https:\/\/www.ungstein21.de\/index.php?rest_route=%2Fwp%2Fv2%2Fmedia&parent=117"}],"curies":[{"name":"wp","href":"https:\/\/api.w.org\/{rel}","templated":true}]}}